{"id":223596,"date":"2023-06-21T11:17:36","date_gmt":"2023-06-21T09:17:36","guid":{"rendered":"https:\/\/istvandybirtok.hu\/istvandy-birtok-foglalas\/"},"modified":"2025-03-26T20:49:14","modified_gmt":"2025-03-26T19:49:14","slug":"istvandy-birtok-foglalas","status":"publish","type":"page","link":"https:\/\/istvandybirtok.hu\/en\/","title":{"rendered":"Istv\u00e1ndy Estate &#8211; Booking"},"content":{"rendered":"<p>[et_pb_section fb_built=&#8221;1&#8243; disabled_on=&#8221;on|on|on&#8221; _builder_version=&#8221;4.21.0&#8243; _module_preset=&#8221;default&#8221; custom_margin=&#8221;0px||0px||false|false&#8221; custom_padding=&#8221;0px||0px||false|false&#8221; disabled=&#8221;on&#8221; global_colors_info=&#8221;{}&#8221;][et_pb_row _builder_version=&#8221;4.21.0&#8243; _module_preset=&#8221;default&#8221; custom_margin=&#8221;0px||0px||false|false&#8221; custom_padding=&#8221;0px|0px|0px|0px|false|false&#8221; global_colors_info=&#8221;{}&#8221;][et_pb_column type=&#8221;4_4&#8243; _builder_version=&#8221;4.21.0&#8243; _module_preset=&#8221;default&#8221; global_colors_info=&#8221;{}&#8221;][et_pb_image src=&#8221;https:\/\/istvandybirtok.hu\/wp-content\/uploads\/2023\/06\/logo-index-1.png&#8221; title_text=&#8221;Istv\u00e1ndy Birtok&#8221; align=&#8221;center&#8221; _builder_version=&#8221;4.21.0&#8243; _module_preset=&#8221;default&#8221; width_tablet=&#8221;280px&#8221; width_phone=&#8221;210px&#8221; width_last_edited=&#8221;on|desktop&#8221; custom_margin=&#8221;250px||-510px||false|false&#8221; custom_margin_tablet=&#8221;170px||||false|false&#8221; custom_margin_phone=&#8221;120px||||false|false&#8221; custom_margin_last_edited=&#8221;on|phone&#8221; custom_padding=&#8221;0px||0px||false|false&#8221; global_colors_info=&#8221;{}&#8221;][\/et_pb_image][\/et_pb_column][\/et_pb_row][\/et_pb_section][et_pb_section fb_built=&#8221;1&#8243; fullwidth=&#8221;on&#8221; _builder_version=&#8221;4.21.0&#8243; _module_preset=&#8221;default&#8221; global_colors_info=&#8221;{}&#8221;][et_pb_fullwidth_slider use_bg_overlay=&#8221;off&#8221; _builder_version=&#8221;4.23.1&#8243; _module_preset=&#8221;default&#8221; min_height=&#8221;800px&#8221; min_height_tablet=&#8221;500px&#8221; min_height_phone=&#8221;380px&#8221; min_height_last_edited=&#8221;on|phone&#8221; animation_style=&#8221;fade&#8221; auto=&#8221;on&#8221; auto_speed=&#8221;4000&#8243; auto_ignore_hover=&#8221;on&#8221; global_colors_info=&#8221;{}&#8221;][et_pb_slide use_bg_overlay=&#8221;off&#8221; admin_title=&#8221;haz kulso 1&#8243; _builder_version=&#8221;4.23.1&#8243; _module_preset=&#8221;default&#8221; background_color=&#8221;#10537D&#8221; background_enable_color=&#8221;on&#8221; background_image=&#8221;https:\/\/istvandybirtok.hu\/wp-content\/uploads\/2023\/06\/istv300.jpg&#8221; background_enable_image=&#8221;on&#8221; custom_padding=&#8221;||||false|false&#8221; global_colors_info=&#8221;{}&#8221; sticky_transition=&#8221;on&#8221;][\/et_pb_slide][et_pb_slide use_bg_overlay=&#8221;off&#8221; admin_title=&#8221;terkep&#8221; _builder_version=&#8221;4.23.1&#8243; _module_preset=&#8221;default&#8221; background_color=&#8221;#10537D&#8221; background_enable_color=&#8221;on&#8221; background_image=&#8221;https:\/\/istvandybirtok.hu\/wp-content\/uploads\/2024\/01\/terkep.jpg&#8221; background_enable_image=&#8221;on&#8221; custom_padding=&#8221;||||false|false&#8221; global_colors_info=&#8221;{}&#8221; sticky_transition=&#8221;on&#8221;][\/et_pb_slide][et_pb_slide use_bg_overlay=&#8221;off&#8221; use_text_overlay=&#8221;off&#8221; admin_title=&#8221;szoba borral 01&#8243; _builder_version=&#8221;4.21.0&#8243; _module_preset=&#8221;default&#8221; background_color=&#8221;#10537D&#8221; background_enable_color=&#8221;on&#8221; background_image=&#8221;https:\/\/istvandybirtok.hu\/wp-content\/uploads\/2023\/06\/istv301.jpg&#8221; background_enable_image=&#8221;on&#8221; custom_padding=&#8221;||||false|false&#8221; global_colors_info=&#8221;{}&#8221; sticky_transition=&#8221;on&#8221;][\/et_pb_slide][et_pb_slide use_bg_overlay=&#8221;off&#8221; use_text_overlay=&#8221;off&#8221; admin_title=&#8221;agy mellett&#8221; _builder_version=&#8221;4.21.0&#8243; _module_preset=&#8221;default&#8221; background_color=&#8221;#10537D&#8221; background_enable_color=&#8221;on&#8221; background_image=&#8221;https:\/\/istvandybirtok.hu\/wp-content\/uploads\/2023\/06\/istv302.jpg&#8221; background_enable_image=&#8221;on&#8221; custom_padding=&#8221;||||false|false&#8221; global_colors_info=&#8221;{}&#8221; sticky_transition=&#8221;on&#8221;][\/et_pb_slide][et_pb_slide use_bg_overlay=&#8221;off&#8221; use_text_overlay=&#8221;off&#8221; admin_title=&#8221;szoba belso 1&#8243; _builder_version=&#8221;4.21.0&#8243; _module_preset=&#8221;default&#8221; background_color=&#8221;#10537D&#8221; background_enable_color=&#8221;on&#8221; background_image=&#8221;https:\/\/istvandybirtok.hu\/wp-content\/uploads\/2023\/06\/001.jpg&#8221; background_enable_image=&#8221;on&#8221; custom_padding=&#8221;||||false|false&#8221; global_colors_info=&#8221;{}&#8221; sticky_transition=&#8221;on&#8221;][\/et_pb_slide][et_pb_slide use_bg_overlay=&#8221;off&#8221; use_text_overlay=&#8221;off&#8221; admin_title=&#8221;etel marha&#8221; _builder_version=&#8221;4.21.0&#8243; _module_preset=&#8221;default&#8221; background_color=&#8221;#10537D&#8221; background_enable_color=&#8221;on&#8221; background_image=&#8221;https:\/\/istvandybirtok.hu\/wp-content\/uploads\/2023\/06\/istv04.jpg&#8221; background_enable_image=&#8221;on&#8221; custom_padding=&#8221;||||false|false&#8221; global_colors_info=&#8221;{}&#8221; sticky_transition=&#8221;on&#8221;][\/et_pb_slide][et_pb_slide use_bg_overlay=&#8221;off&#8221; use_text_overlay=&#8221;off&#8221; admin_title=&#8221;jakuzzi&#8221; _builder_version=&#8221;4.21.0&#8243; _module_preset=&#8221;default&#8221; background_color=&#8221;#10537D&#8221; background_enable_color=&#8221;on&#8221; background_image=&#8221;https:\/\/istvandybirtok.hu\/wp-content\/uploads\/2023\/06\/01.jpg&#8221; background_enable_image=&#8221;on&#8221; custom_padding=&#8221;||||false|false&#8221; global_colors_info=&#8221;{}&#8221; sticky_transition=&#8221;on&#8221;][\/et_pb_slide][et_pb_slide use_bg_overlay=&#8221;off&#8221; use_text_overlay=&#8221;off&#8221; admin_title=&#8221;daniek&#8221; _builder_version=&#8221;4.23.1&#8243; _module_preset=&#8221;default&#8221; background_color=&#8221;#10537D&#8221; background_enable_color=&#8221;on&#8221; background_image=&#8221;https:\/\/istvandybirtok.hu\/wp-content\/uploads\/2023\/06\/istv06.jpg&#8221; background_enable_image=&#8221;on&#8221; custom_padding=&#8221;||||false|false&#8221; global_colors_info=&#8221;{}&#8221; sticky_transition=&#8221;on&#8221;][\/et_pb_slide][et_pb_slide use_bg_overlay=&#8221;off&#8221; use_text_overlay=&#8221;off&#8221; admin_title=&#8221;szauna&#8221; _builder_version=&#8221;4.21.0&#8243; _module_preset=&#8221;default&#8221; background_color=&#8221;#10537D&#8221; background_enable_color=&#8221;on&#8221; background_image=&#8221;https:\/\/istvandybirtok.hu\/wp-content\/uploads\/2023\/06\/03.jpg&#8221; background_enable_image=&#8221;on&#8221; custom_padding=&#8221;||||false|false&#8221; global_colors_info=&#8221;{}&#8221; sticky_transition=&#8221;on&#8221;][\/et_pb_slide][et_pb_slide use_bg_overlay=&#8221;off&#8221; use_text_overlay=&#8221;off&#8221; admin_title=&#8221;desszert&#8221; _builder_version=&#8221;4.21.0&#8243; _module_preset=&#8221;default&#8221; background_color=&#8221;#10537D&#8221; background_enable_color=&#8221;on&#8221; background_image=&#8221;https:\/\/istvandybirtok.hu\/wp-content\/uploads\/2023\/06\/istv02.jpg&#8221; background_enable_image=&#8221;on&#8221; custom_padding=&#8221;||||false|false&#8221; global_colors_info=&#8221;{}&#8221; sticky_transition=&#8221;on&#8221;][\/et_pb_slide][et_pb_slide use_bg_overlay=&#8221;off&#8221; use_text_overlay=&#8221;off&#8221; admin_title=&#8221;bor&#8221; _builder_version=&#8221;4.21.0&#8243; _module_preset=&#8221;default&#8221; background_color=&#8221;#10537D&#8221; background_enable_color=&#8221;on&#8221; background_image=&#8221;https:\/\/istvandybirtok.hu\/wp-content\/uploads\/2023\/06\/istv05.jpg&#8221; background_enable_image=&#8221;on&#8221; custom_padding=&#8221;||||false|false&#8221; global_colors_info=&#8221;{}&#8221; sticky_transition=&#8221;on&#8221;][\/et_pb_slide][et_pb_slide use_bg_overlay=&#8221;off&#8221; use_text_overlay=&#8221;off&#8221; admin_title=&#8221;teraszrol kilatas&#8221; _builder_version=&#8221;4.21.0&#8243; _module_preset=&#8221;default&#8221; background_color=&#8221;#10537D&#8221; background_enable_color=&#8221;on&#8221; background_image=&#8221;https:\/\/istvandybirtok.hu\/wp-content\/uploads\/2023\/06\/istv01.jpg&#8221; background_enable_image=&#8221;on&#8221; custom_padding=&#8221;||||false|false&#8221; global_colors_info=&#8221;{}&#8221; sticky_transition=&#8221;on&#8221;][\/et_pb_slide][et_pb_slide use_bg_overlay=&#8221;off&#8221; use_text_overlay=&#8221;off&#8221; admin_title=&#8221;szoba belso bor&#8221; _builder_version=&#8221;4.21.0&#8243; _module_preset=&#8221;default&#8221; background_color=&#8221;#10537D&#8221; background_enable_color=&#8221;on&#8221; background_image=&#8221;https:\/\/istvandybirtok.hu\/wp-content\/uploads\/2023\/06\/09.jpg&#8221; background_enable_image=&#8221;on&#8221; custom_padding=&#8221;||||false|false&#8221; global_colors_info=&#8221;{}&#8221; sticky_transition=&#8221;on&#8221;][\/et_pb_slide][et_pb_slide use_bg_overlay=&#8221;off&#8221; use_text_overlay=&#8221;off&#8221; admin_title=&#8221;konyha&#8221; _builder_version=&#8221;4.21.0&#8243; _module_preset=&#8221;default&#8221; background_color=&#8221;#10537D&#8221; background_enable_color=&#8221;on&#8221; background_image=&#8221;https:\/\/istvandybirtok.hu\/wp-content\/uploads\/2023\/06\/07.jpg&#8221; background_enable_image=&#8221;on&#8221; custom_padding=&#8221;||||false|false&#8221; global_colors_info=&#8221;{}&#8221; sticky_transition=&#8221;on&#8221;][\/et_pb_slide][et_pb_slide use_bg_overlay=&#8221;off&#8221; use_text_overlay=&#8221;off&#8221; admin_title=&#8221;etel&#8221; _builder_version=&#8221;4.21.0&#8243; _module_preset=&#8221;default&#8221; background_color=&#8221;#10537D&#8221; background_enable_color=&#8221;on&#8221; background_image=&#8221;https:\/\/istvandybirtok.hu\/wp-content\/uploads\/2023\/06\/istv03.jpg&#8221; background_enable_image=&#8221;on&#8221; custom_padding=&#8221;||||false|false&#8221; global_colors_info=&#8221;{}&#8221; sticky_transition=&#8221;on&#8221;][\/et_pb_slide][\/et_pb_fullwidth_slider][\/et_pb_section][et_pb_section fb_built=&#8221;1&#8243; _builder_version=&#8221;4.21.0&#8243; _module_preset=&#8221;default&#8221; custom_padding=&#8221;35px|||||&#8221; global_colors_info=&#8221;{}&#8221;][et_pb_row _builder_version=&#8221;4.21.0&#8243; _module_preset=&#8221;default&#8221; width_tablet=&#8221;&#8221; width_phone=&#8221;100%&#8221; width_last_edited=&#8221;on|phone&#8221; custom_padding=&#8221;12px|||||&#8221; global_colors_info=&#8221;{}&#8221;][et_pb_column type=&#8221;4_4&#8243; _builder_version=&#8221;4.21.0&#8243; _module_preset=&#8221;default&#8221; global_colors_info=&#8221;{}&#8221;][et_pb_text _builder_version=&#8221;4.27.4&#8243; _module_preset=&#8221;default&#8221; text_font=&#8221;Poppins||||||||&#8221; text_text_color=&#8221;#000000&#8243; text_font_size=&#8221;20px&#8221; text_line_height=&#8221;1.8em&#8221; custom_padding=&#8221;|20px||20px|false|true&#8221; text_font_size_tablet=&#8221;20px&#8221; text_font_size_phone=&#8221;16px&#8221; text_font_size_last_edited=&#8221;on|phone&#8221; global_colors_info=&#8221;{}&#8221;]<\/p>\n<p style=\"text-align: center;\"><span>50m2 Guesthouse <span style=\"color: #cfcfcf;\"> \u00a0| \u00a0<\/span>Private Finnish Sauna<span style=\"color: #cfcfcf;\"> \u00a0| \u00a0<\/span>Private Outdoor Covered Jacuzzi<span style=\"color: #cfcfcf;\"> \u00a0| \u00a0<\/span>Cold Plunge Tub<span style=\"color: #cfcfcf;\">\u00a0 | \u00a0<\/span>Spacious Shower<span style=\"color: #cfcfcf;\"> \u00a0| \u00a0<\/span>French Bed 180X200<span style=\"color: #cfcfcf;\"> \u00a0| \u00a0<\/span>Private Balaton Panorama<span style=\"color: #cfcfcf;\"> \u00a0| \u00a0<\/span>Producers&#8217; Breakfast<span style=\"color: #cfcfcf;\"> \u00a0| \u00a0<\/span>A Bottle of Istv\u00e1ndy for Every Night<span style=\"color: #cfcfcf;\">\u00a0 | \u00a0<\/span>Just the Two of You<span style=\"color: #cfcfcf;\"> \u00a0| \u00a0<\/span>Rural Peace and Tranquility<\/span><\/p>\n<p>[\/et_pb_text][et_pb_image src=&#8221;https:\/\/istvandybirtok.hu\/wp-content\/uploads\/2023\/12\/notallowed.png&#8221; title_text=&#8221;notallowed&#8221; align=&#8221;center&#8221; _builder_version=&#8221;4.23.1&#8243; _module_preset=&#8221;default&#8221; width=&#8221;240px&#8221; global_colors_info=&#8221;{}&#8221;][\/et_pb_image][et_pb_text _builder_version=&#8221;4.27.4&#8243; _module_preset=&#8221;default&#8221; text_font=&#8221;Poppins|300|||||||&#8221; text_font_size=&#8221;12px&#8221; link_font=&#8221;|600|||||||&#8221; link_text_color=&#8221;#10537D&#8221; link_font_size=&#8221;15px&#8221; text_orientation=&#8221;center&#8221; custom_padding=&#8221;|10px||10px|false|true&#8221; global_colors_info=&#8221;{}&#8221;]<\/p>\n<p>Contact:<br \/><a href=\"mailto:info@istvandybirtok.hu\">info@istvandybirtok.hu<\/a><\/p>\n<p><a href=\"tel:+36703618421\">+36 70 361 8421<\/a><\/p>\n<p>[\/et_pb_text][et_pb_text _builder_version=&#8221;4.27.4&#8243; _module_preset=&#8221;default&#8221; text_font=&#8221;Poppins|300|||||||&#8221; text_line_height=&#8221;1.6em&#8221; header_font=&#8221;Poppins||||||||&#8221; header_font_size=&#8221;20px&#8221; header_2_font_size=&#8221;20px&#8221; custom_padding=&#8221;|10px||10px|false|true&#8221; global_colors_info=&#8221;{}&#8221;]<\/p>\n<h2 style=\"text-align: center;\">Please check the validity of your documents before traveling and do not forget your documents at home.<\/h2>\n<p>[\/et_pb_text][et_pb_image src=&#8221;https:\/\/istvandybirtok.hu\/wp-content\/uploads\/2025\/01\/30kedv3tol-web.jpg&#8221; alt=&#8221;Foglal\u00e1si kedvezm\u00e9ny&#8221; title_text=&#8221;Foglal\u00e1si kedvezm\u00e9ny&#8221; align=&#8221;center&#8221; disabled_on=&#8221;on|on|on&#8221; module_id=&#8221;naptar&#8221; _builder_version=&#8221;4.25.2&#8243; _module_preset=&#8221;default&#8221; disabled=&#8221;on&#8221; global_colors_info=&#8221;{}&#8221;][\/et_pb_image][et_pb_code module_id=&#8221;booking&#8221; _builder_version=&#8221;4.27.4&#8243; _module_preset=&#8221;default&#8221; custom_padding=&#8221;||40px||false|false&#8221; global_colors_info=&#8221;{}&#8221;]<script src=\"https:\/\/nethotelbooking.net\/embed.RESnWEB.js?id=KF09D\"><\/script>[\/et_pb_code][et_pb_text _builder_version=&#8221;4.27.4&#8243; _module_preset=&#8221;default&#8221; text_font=&#8221;Poppins|300|||||||&#8221; header_2_font=&#8221;Poppins|600|||||||&#8221; global_colors_info=&#8221;{}&#8221;]<\/p>\n<h2 style=\"text-align: center;\">Availability for holiday periods in 2025<\/h2>\n<p style=\"text-align: center;\"><strong>\u00a0<\/strong><\/p>\n<div style=\"text-align: center;\"><strong><span>Easter: <\/span><\/strong><span>17th April &#8211; 4. May<strong> min. 3 nights<\/strong><\/span><\/div>\n<div>\n<p align=\"center\"><strong><span lang=\"EN-US\">Pentecost:<\/span><\/strong><span lang=\"EN-US\">\u00a0June 6-8.\u00a0<strong><span>min. 3 nights<\/span><\/strong><\/span><span lang=\"EN-US\"><o:p><\/o:p><\/span><\/p>\n<\/div>\n<div>\n<p align=\"center\"><strong><span lang=\"EN-US\">High season:<\/span><\/strong><span lang=\"EN-US\">\u00a0(July 1 \u2013 August 24)\u00a0<strong><span>min. 3 nights<\/span><\/strong><\/span><span lang=\"EN-US\"><o:p><\/o:p><\/span><\/p>\n<\/div>\n<p>[\/et_pb_text][\/et_pb_column][\/et_pb_row][\/et_pb_section]<\/p>\n","protected":false},"excerpt":{"rendered":"<p>50m2 Guesthouse \u00a0| \u00a0Private Finnish Sauna \u00a0| \u00a0Private Outdoor Covered Jacuzzi \u00a0| \u00a0Cold Plunge Tub\u00a0 | \u00a0Spacious Shower \u00a0| \u00a0French Bed 180X200 \u00a0| \u00a0Private Balaton Panorama \u00a0| \u00a0Producers&#8217; Breakfast \u00a0| \u00a0A Bottle of Istv\u00e1ndy for Every Night\u00a0 | \u00a0Just the Two of You \u00a0| \u00a0Rural Peace and TranquilityContact:info@istvandybirtok.hu +36 70 361 8421Please check the validity [&hellip;]<\/p>\n","protected":false},"author":1,"featured_media":0,"parent":0,"menu_order":0,"comment_status":"closed","ping_status":"closed","template":"","meta":{"_et_pb_use_builder":"on","_et_pb_old_content":"","_et_gb_content_width":"","footnotes":""},"class_list":["post-223596","page","type-page","status-publish","hentry"],"_links":{"self":[{"href":"https:\/\/istvandybirtok.hu\/en\/wp-json\/wp\/v2\/pages\/223596","targetHints":{"allow":["GET"]}}],"collection":[{"href":"https:\/\/istvandybirtok.hu\/en\/wp-json\/wp\/v2\/pages"}],"about":[{"href":"https:\/\/istvandybirtok.hu\/en\/wp-json\/wp\/v2\/types\/page"}],"author":[{"embeddable":true,"href":"https:\/\/istvandybirtok.hu\/en\/wp-json\/wp\/v2\/users\/1"}],"replies":[{"embeddable":true,"href":"https:\/\/istvandybirtok.hu\/en\/wp-json\/wp\/v2\/comments?post=223596"}],"version-history":[{"count":8,"href":"https:\/\/istvandybirtok.hu\/en\/wp-json\/wp\/v2\/pages\/223596\/revisions"}],"predecessor-version":[{"id":223869,"href":"https:\/\/istvandybirtok.hu\/en\/wp-json\/wp\/v2\/pages\/223596\/revisions\/223869"}],"wp:attachment":[{"href":"https:\/\/istvandybirtok.hu\/en\/wp-json\/wp\/v2\/media?parent=223596"}],"curies":[{"name":"wp","href":"https:\/\/api.w.org\/{rel}","templated":true}]}}